{"id":75242,"date":"2023-09-25T17:24:13","date_gmt":"2023-09-25T17:24:13","guid":{"rendered":"https:\/\/cinderellawellness.com\/se\/?post_type=product&#038;p=75242"},"modified":"2023-09-25T19:05:06","modified_gmt":"2023-09-25T19:05:06","slug":"present-kort","status":"publish","type":"product","link":"https:\/\/cinderellawellness.com\/se\/product\/present-kort\/","title":{"rendered":"Present kort"},"content":{"rendered":"<p>[et_pb_section fb_built=&#8221;1&#8243; custom_padding_last_edited=&#8221;on|tablet&#8221; _builder_version=&#8221;4.20.4&#8243; _module_preset=&#8221;default&#8221; background_color=&#8221;rgba(229,185,197,0.7)&#8221; custom_margin=&#8221;0px||0px||false|false&#8221; custom_padding=&#8221;120px||120px||false|false&#8221; custom_padding_tablet=&#8221;250px||120px||false|false&#8221; custom_padding_phone=&#8221;90px||90px||false|false&#8221; global_colors_info=&#8221;{}&#8221;][et_pb_row column_structure=&#8221;1_2,1_2&#8243; use_custom_gutter=&#8221;on&#8221; gutter_width=&#8221;1&#8243; custom_padding_last_edited=&#8221;on|desktop&#8221; _builder_version=&#8221;4.20.4&#8243; _module_preset=&#8221;default&#8221; width=&#8221;90%&#8221; max_width=&#8221;1170px&#8221; custom_margin=&#8221;||||false|false&#8221; custom_padding=&#8221;100px||||false|false&#8221; custom_padding_tablet=&#8221;100px||||false|false&#8221; custom_padding_phone=&#8221;100px||||false|false&#8221; global_colors_info=&#8221;{}&#8221;][et_pb_column type=&#8221;1_2&#8243; _builder_version=&#8221;4.18.0&#8243; _module_preset=&#8221;default&#8221; custom_padding=&#8221;|125px|||false|false&#8221; custom_padding_tablet=&#8221;|0px|||false|false&#8221; custom_padding_phone=&#8221;|0px|||false|false&#8221; custom_padding_last_edited=&#8221;on|tablet&#8221; animation_style=&#8221;zoom&#8221; animation_direction=&#8221;left&#8221; animation_delay=&#8221;500ms&#8221; animation_speed_curve=&#8221;ease&#8221; global_colors_info=&#8221;{}&#8221;][et_pb_image src=&#8221;https:\/\/cinderellawellness.com\/se\/wp-content\/uploads\/2023\/05\/cinderella-team.webp&#8221; title_text=&#8221;cinderella-team&#8221; disabled_on=&#8221;on|on|off&#8221; _builder_version=&#8221;4.21.0&#8243; _module_preset=&#8221;default&#8221; width_tablet=&#8221;60vw&#8221; width_phone=&#8221;100%&#8221; width_last_edited=&#8221;on|tablet&#8221; custom_margin=&#8221;0px||0px||false|false&#8221; custom_margin_tablet=&#8221;0px||90px||false|false&#8221; custom_margin_phone=&#8221;||55px||false|false&#8221; custom_margin_last_edited=&#8221;on|tablet&#8221; custom_padding=&#8221;0px||0px||false|false&#8221; border_radii=&#8221;off|100px|||&#8221; global_colors_info=&#8221;{}&#8221;][\/et_pb_image][\/et_pb_column][et_pb_column type=&#8221;1_2&#8243; _builder_version=&#8221;4.18.0&#8243; _module_preset=&#8221;default&#8221; custom_padding=&#8221;|||15px|false|false&#8221; custom_padding_tablet=&#8221;|||0px|false|false&#8221; custom_padding_phone=&#8221;|||0px|false|false&#8221; custom_padding_last_edited=&#8221;on|tablet&#8221; animation_style=&#8221;zoom&#8221; animation_direction=&#8221;right&#8221; animation_delay=&#8221;750ms&#8221; animation_speed_curve=&#8221;ease&#8221; global_colors_info=&#8221;{}&#8221;][et_pb_text _builder_version=&#8221;4.21.0&#8243; _module_preset=&#8221;default&#8221; header_4_font=&#8221;Josefin Sans|700||on|||||&#8221; header_4_text_align=&#8221;left&#8221; header_4_text_color=&#8221;#bd8547&#8243; header_4_font_size=&#8221;12px&#8221; header_4_letter_spacing=&#8221;2px&#8221; custom_margin=&#8221;0px||22px||false|false&#8221; custom_margin_tablet=&#8221;0px||22px||false|false&#8221; custom_margin_phone=&#8221;0px||9px||false|false&#8221; custom_margin_last_edited=&#8221;on|phone&#8221; custom_padding=&#8221;0px||0px||false|false&#8221; header_4_line_height_tablet=&#8221;&#8221; header_4_line_height_phone=&#8221;1.6em&#8221; header_4_line_height_last_edited=&#8221;on|phone&#8221; global_colors_info=&#8221;{}&#8221;]<\/p>\n<h4>Presentkort<\/h4>\n<p>[\/et_pb_text][et_pb_text _builder_version=&#8221;4.22.1&#8243; _module_preset=&#8221;default&#8221; header_2_font=&#8221;Josefin Sans|700|||||||&#8221; header_2_text_align=&#8221;left&#8221; header_2_text_color=&#8221;#241f1b&#8221; header_2_font_size=&#8221;48px&#8221; header_2_letter_spacing=&#8221;-1px&#8221; header_2_line_height=&#8221;1.2em&#8221; custom_margin=&#8221;0px||0px||false|false&#8221; custom_padding=&#8221;0px||0px||false|false&#8221; header_2_text_align_tablet=&#8221;left&#8221; header_2_text_align_phone=&#8221;left&#8221; header_2_text_align_last_edited=&#8221;on|tablet&#8221; header_2_font_size_tablet=&#8221;48px&#8221; header_2_font_size_phone=&#8221;30px&#8221; header_2_font_size_last_edited=&#8221;on|phone&#8221; header_2_line_height_tablet=&#8221;&#8221; header_2_line_height_phone=&#8221;1.3em&#8221; header_2_line_height_last_edited=&#8221;on|phone&#8221; global_colors_info=&#8221;{}&#8221;]<\/p>\n<h2>Cinderella Wellness<\/h2>\n<p>[\/et_pb_text][et_pb_text _builder_version=&#8221;4.22.1&#8243; _module_preset=&#8221;default&#8221; text_font=&#8221;IBM Plex Sans||||||||&#8221; text_text_color=&#8221;#7d7d7d&#8221; text_font_size=&#8221;16px&#8221; text_line_height=&#8221;1.6em&#8221; custom_margin=&#8221;0px||28px||false|false&#8221; custom_padding=&#8221;0px||0px||false|false&#8221; hover_enabled=&#8221;0&#8243; global_colors_info=&#8221;{}&#8221; sticky_enabled=&#8221;0&#8243;]V\u00e4nligen v\u00e4lj ett f\u00f6rdefinierat kortv\u00e4rde fr\u00e5n \u20ac50 till \u20ac150. Presentkortet l\u00f6per ut 4 m\u00e5nader efter utf\u00e4rdandedatum.[\/et_pb_text][et_pb_wc_price _builder_version=&#8221;4.21.0&#8243; body_text_color=&#8221;#FFFFFF&#8221; custom_margin=&#8221;0px||28px||false|false&#8221; custom_padding=&#8221;0px||0px||true|false&#8221; global_colors_info=&#8221;{}&#8221;][\/et_pb_wc_price][et_pb_wc_add_to_cart show_quantity=&#8221;off&#8221; show_stock=&#8221;off&#8221; _builder_version=&#8221;4.22.1&#8243; _module_preset=&#8221;default&#8221; dropdown_menus_custom_margin=&#8221;|||-12%|false|false&#8221; field_label_font_size=&#8221;0px&#8221; dropdown_menus_font=&#8221;Josefin Sans||||||||&#8221; dropdown_menus_font_size=&#8221;16px&#8221; custom_button=&#8221;on&#8221; button_text_size=&#8221;16px&#8221; button_text_color=&#8221;#FFFFFF&#8221; button_bg_color=&#8221;#b6607d&#8221; button_border_width=&#8221;0px&#8221; button_border_radius=&#8221;100px&#8221; button_font=&#8221;Josefin Sans||||||||&#8221; button_icon=&#8221;&#x24;||divi||400&#8243; button_custom_padding=&#8221;14px|35px|13px|35px|false|true&#8221; custom_margin=&#8221;0px||28px||false|false&#8221; custom_padding=&#8221;0px||0px||true|false&#8221; custom_css_dropdown_menus=&#8221;border-radius: 20px;||padding:20px;&#8221; border_radii_fields=&#8221;on|20px|20px|20px|20px&#8221; global_colors_info=&#8221;{}&#8221;][\/et_pb_wc_add_to_cart][\/et_pb_column][\/et_pb_row][\/et_pb_section]<\/p>\n","protected":false},"excerpt":{"rendered":"<p>V\u00e4nligen v\u00e4lj ett f\u00f6rdefinierat kortv\u00e4rde fr\u00e5n \u20ac50 till \u20ac150. Presentkortet l\u00f6per ut 4 m\u00e5nader efter utf\u00e4rdandedatum.<\/p>\n","protected":false},"featured_media":75062,"comment_status":"open","ping_status":"closed","template":"","meta":{"_et_pb_use_builder":"on","_et_pb_old_content":"","_et_gb_content_width":""},"product_brand":[],"product_cat":[32],"product_tag":[],"class_list":{"0":"post-75242","1":"product","2":"type-product","3":"status-publish","4":"has-post-thumbnail","6":"product_cat-presentkort","8":"first","9":"instock","10":"shipping-taxable","11":"purchasable","12":"product-type-variable"},"yoast_head":"<!-- This site is optimized with the Yoast SEO plugin v27.3 - https:\/\/yoast.com\/product\/yoast-seo-wordpress\/ -->\n<title>Present kort - Cinderella Wellness<\/title>\n<meta name=\"robots\" content=\"index, follow, max-snippet:-1, max-image-preview:large, max-video-preview:-1\" \/>\n<link rel=\"canonical\" href=\"https:\/\/cinderellawellness.com\/se\/product\/present-kort\/\" \/>\n<meta property=\"og:locale\" content=\"sv_SE\" \/>\n<meta property=\"og:type\" content=\"article\" \/>\n<meta property=\"og:title\" content=\"Present kort - Cinderella Wellness\" \/>\n<meta property=\"og:description\" content=\"V\u00e4nligen v\u00e4lj ett f\u00f6rdefinierat kortv\u00e4rde fr\u00e5n \u20ac50 till \u20ac150. Presentkortet l\u00f6per ut 4 m\u00e5nader efter utf\u00e4rdandedatum.\" \/>\n<meta property=\"og:url\" content=\"https:\/\/cinderellawellness.com\/se\/product\/present-kort\/\" \/>\n<meta property=\"og:site_name\" content=\"Cinderella Wellness\" \/>\n<meta property=\"article:publisher\" content=\"https:\/\/www.facebook.com\/cinderellawellnessgc\/\" \/>\n<meta property=\"article:modified_time\" content=\"2023-09-25T19:05:06+00:00\" \/>\n<meta property=\"og:image\" content=\"https:\/\/cinderellawellness.com\/se\/wp-content\/uploads\/2023\/05\/cava-cinderella.webp\" \/>\n\t<meta property=\"og:image:width\" content=\"1920\" \/>\n\t<meta property=\"og:image:height\" content=\"1280\" \/>\n\t<meta property=\"og:image:type\" content=\"image\/webp\" \/>\n<meta name=\"twitter:card\" content=\"summary_large_image\" \/>\n<meta name=\"twitter:site\" content=\"@cinderellawgc\" \/>\n<meta name=\"twitter:label1\" content=\"Ber\u00e4knad l\u00e4stid\" \/>\n\t<meta name=\"twitter:data1\" content=\"1 minut\" \/>\n<script type=\"application\/ld+json\" class=\"yoast-schema-graph\">{\"@context\":\"https:\\\/\\\/schema.org\",\"@graph\":[{\"@type\":\"WebPage\",\"@id\":\"https:\\\/\\\/cinderellawellness.com\\\/se\\\/product\\\/present-kort\\\/\",\"url\":\"https:\\\/\\\/cinderellawellness.com\\\/se\\\/product\\\/present-kort\\\/\",\"name\":\"Present kort - Cinderella Wellness\",\"isPartOf\":{\"@id\":\"https:\\\/\\\/cinderellawellness.com\\\/se\\\/#website\"},\"primaryImageOfPage\":{\"@id\":\"https:\\\/\\\/cinderellawellness.com\\\/se\\\/product\\\/present-kort\\\/#primaryimage\"},\"image\":{\"@id\":\"https:\\\/\\\/cinderellawellness.com\\\/se\\\/product\\\/present-kort\\\/#primaryimage\"},\"thumbnailUrl\":\"https:\\\/\\\/cinderellawellness.com\\\/se\\\/wp-content\\\/uploads\\\/2023\\\/05\\\/cava-cinderella.webp\",\"datePublished\":\"2023-09-25T17:24:13+00:00\",\"dateModified\":\"2023-09-25T19:05:06+00:00\",\"breadcrumb\":{\"@id\":\"https:\\\/\\\/cinderellawellness.com\\\/se\\\/product\\\/present-kort\\\/#breadcrumb\"},\"inLanguage\":\"sv-SE\",\"potentialAction\":[{\"@type\":\"ReadAction\",\"target\":[\"https:\\\/\\\/cinderellawellness.com\\\/se\\\/product\\\/present-kort\\\/\"]}]},{\"@type\":\"ImageObject\",\"inLanguage\":\"sv-SE\",\"@id\":\"https:\\\/\\\/cinderellawellness.com\\\/se\\\/product\\\/present-kort\\\/#primaryimage\",\"url\":\"https:\\\/\\\/cinderellawellness.com\\\/se\\\/wp-content\\\/uploads\\\/2023\\\/05\\\/cava-cinderella.webp\",\"contentUrl\":\"https:\\\/\\\/cinderellawellness.com\\\/se\\\/wp-content\\\/uploads\\\/2023\\\/05\\\/cava-cinderella.webp\",\"width\":1920,\"height\":1280},{\"@type\":\"BreadcrumbList\",\"@id\":\"https:\\\/\\\/cinderellawellness.com\\\/se\\\/product\\\/present-kort\\\/#breadcrumb\",\"itemListElement\":[{\"@type\":\"ListItem\",\"position\":1,\"name\":\"Portada\",\"item\":\"https:\\\/\\\/cinderellawellness.com\\\/se\\\/\"},{\"@type\":\"ListItem\",\"position\":2,\"name\":\"Shoppa\",\"item\":\"https:\\\/\\\/cinderellawellness.com\\\/se\\\/shoppa\\\/\"},{\"@type\":\"ListItem\",\"position\":3,\"name\":\"Present kort\"}]},{\"@type\":\"WebSite\",\"@id\":\"https:\\\/\\\/cinderellawellness.com\\\/se\\\/#website\",\"url\":\"https:\\\/\\\/cinderellawellness.com\\\/se\\\/\",\"name\":\"Cinderella Wellness\",\"description\":\"simply beauty * inside and out\",\"potentialAction\":[{\"@type\":\"SearchAction\",\"target\":{\"@type\":\"EntryPoint\",\"urlTemplate\":\"https:\\\/\\\/cinderellawellness.com\\\/se\\\/?s={search_term_string}\"},\"query-input\":{\"@type\":\"PropertyValueSpecification\",\"valueRequired\":true,\"valueName\":\"search_term_string\"}}],\"inLanguage\":\"sv-SE\"}]}<\/script>\n<!-- \/ Yoast SEO plugin. -->","yoast_head_json":{"title":"Present kort - Cinderella Wellness","robots":{"index":"index","follow":"follow","max-snippet":"max-snippet:-1","max-image-preview":"max-image-preview:large","max-video-preview":"max-video-preview:-1"},"canonical":"https:\/\/cinderellawellness.com\/se\/product\/present-kort\/","og_locale":"sv_SE","og_type":"article","og_title":"Present kort - Cinderella Wellness","og_description":"V\u00e4nligen v\u00e4lj ett f\u00f6rdefinierat kortv\u00e4rde fr\u00e5n \u20ac50 till \u20ac150. Presentkortet l\u00f6per ut 4 m\u00e5nader efter utf\u00e4rdandedatum.","og_url":"https:\/\/cinderellawellness.com\/se\/product\/present-kort\/","og_site_name":"Cinderella Wellness","article_publisher":"https:\/\/www.facebook.com\/cinderellawellnessgc\/","article_modified_time":"2023-09-25T19:05:06+00:00","og_image":[{"width":1920,"height":1280,"url":"https:\/\/cinderellawellness.com\/se\/wp-content\/uploads\/2023\/05\/cava-cinderella.webp","type":"image\/webp"}],"twitter_card":"summary_large_image","twitter_site":"@cinderellawgc","twitter_misc":{"Ber\u00e4knad l\u00e4stid":"1 minut"},"schema":{"@context":"https:\/\/schema.org","@graph":[{"@type":"WebPage","@id":"https:\/\/cinderellawellness.com\/se\/product\/present-kort\/","url":"https:\/\/cinderellawellness.com\/se\/product\/present-kort\/","name":"Present kort - Cinderella Wellness","isPartOf":{"@id":"https:\/\/cinderellawellness.com\/se\/#website"},"primaryImageOfPage":{"@id":"https:\/\/cinderellawellness.com\/se\/product\/present-kort\/#primaryimage"},"image":{"@id":"https:\/\/cinderellawellness.com\/se\/product\/present-kort\/#primaryimage"},"thumbnailUrl":"https:\/\/cinderellawellness.com\/se\/wp-content\/uploads\/2023\/05\/cava-cinderella.webp","datePublished":"2023-09-25T17:24:13+00:00","dateModified":"2023-09-25T19:05:06+00:00","breadcrumb":{"@id":"https:\/\/cinderellawellness.com\/se\/product\/present-kort\/#breadcrumb"},"inLanguage":"sv-SE","potentialAction":[{"@type":"ReadAction","target":["https:\/\/cinderellawellness.com\/se\/product\/present-kort\/"]}]},{"@type":"ImageObject","inLanguage":"sv-SE","@id":"https:\/\/cinderellawellness.com\/se\/product\/present-kort\/#primaryimage","url":"https:\/\/cinderellawellness.com\/se\/wp-content\/uploads\/2023\/05\/cava-cinderella.webp","contentUrl":"https:\/\/cinderellawellness.com\/se\/wp-content\/uploads\/2023\/05\/cava-cinderella.webp","width":1920,"height":1280},{"@type":"BreadcrumbList","@id":"https:\/\/cinderellawellness.com\/se\/product\/present-kort\/#breadcrumb","itemListElement":[{"@type":"ListItem","position":1,"name":"Portada","item":"https:\/\/cinderellawellness.com\/se\/"},{"@type":"ListItem","position":2,"name":"Shoppa","item":"https:\/\/cinderellawellness.com\/se\/shoppa\/"},{"@type":"ListItem","position":3,"name":"Present kort"}]},{"@type":"WebSite","@id":"https:\/\/cinderellawellness.com\/se\/#website","url":"https:\/\/cinderellawellness.com\/se\/","name":"Cinderella Wellness","description":"simply beauty * inside and out","potentialAction":[{"@type":"SearchAction","target":{"@type":"EntryPoint","urlTemplate":"https:\/\/cinderellawellness.com\/se\/?s={search_term_string}"},"query-input":{"@type":"PropertyValueSpecification","valueRequired":true,"valueName":"search_term_string"}}],"inLanguage":"sv-SE"}]}},"_links":{"self":[{"href":"https:\/\/cinderellawellness.com\/se\/wp-json\/wp\/v2\/product\/75242","targetHints":{"allow":["GET"]}}],"collection":[{"href":"https:\/\/cinderellawellness.com\/se\/wp-json\/wp\/v2\/product"}],"about":[{"href":"https:\/\/cinderellawellness.com\/se\/wp-json\/wp\/v2\/types\/product"}],"replies":[{"embeddable":true,"href":"https:\/\/cinderellawellness.com\/se\/wp-json\/wp\/v2\/comments?post=75242"}],"wp:featuredmedia":[{"embeddable":true,"href":"https:\/\/cinderellawellness.com\/se\/wp-json\/wp\/v2\/media\/75062"}],"wp:attachment":[{"href":"https:\/\/cinderellawellness.com\/se\/wp-json\/wp\/v2\/media?parent=75242"}],"wp:term":[{"taxonomy":"product_brand","embeddable":true,"href":"https:\/\/cinderellawellness.com\/se\/wp-json\/wp\/v2\/product_brand?post=75242"},{"taxonomy":"product_cat","embeddable":true,"href":"https:\/\/cinderellawellness.com\/se\/wp-json\/wp\/v2\/product_cat?post=75242"},{"taxonomy":"product_tag","embeddable":true,"href":"https:\/\/cinderellawellness.com\/se\/wp-json\/wp\/v2\/product_tag?post=75242"}],"curies":[{"name":"wp","href":"https:\/\/api.w.org\/{rel}","templated":true}]}}