{"id":1748,"date":"2023-04-07T15:05:30","date_gmt":"2023-04-07T15:05:30","guid":{"rendered":"https:\/\/cinderellawellness.com\/es\/shop\/"},"modified":"2023-07-19T23:21:01","modified_gmt":"2023-07-19T23:21:01","slug":"tienda","status":"publish","type":"page","link":"https:\/\/cinderellawellness.com\/es\/tienda\/","title":{"rendered":"Tienda"},"content":{"rendered":"<p>[et_pb_section fb_built=&#8221;1&#8243; custom_padding_last_edited=&#8221;off|phone&#8221; _builder_version=&#8221;4.21.0&#8243; background_color=&#8221;rgba(229,185,197,0.7)&#8221; custom_margin=&#8221;0px||0px||true|false&#8221; custom_padding=&#8221;250px||120px||false|false&#8221; custom_padding_tablet=&#8221;250px||120px||false|false&#8221; custom_padding_phone=&#8221;90px||90px||true|false&#8221; collapsed=&#8221;off&#8221; global_colors_info=&#8221;{}&#8221;][et_pb_row use_custom_gutter=&#8221;on&#8221; gutter_width=&#8221;2&#8243; make_equal=&#8221;on&#8221; _builder_version=&#8221;4.16&#8243; _module_preset=&#8221;default&#8221; width=&#8221;90%&#8221; width_tablet=&#8221;90%&#8221; width_phone=&#8221;90%&#8221; width_last_edited=&#8221;on|desktop&#8221; max_width=&#8221;1170px&#8221; max_width_tablet=&#8221;90%&#8221; max_width_phone=&#8221;90%&#8221; max_width_last_edited=&#8221;on|tablet&#8221; custom_margin=&#8221;-2rem||||false|false&#8221; custom_padding=&#8221;0px||60px|||&#8221; global_colors_info=&#8221;{}&#8221;][et_pb_column type=&#8221;4_4&#8243; _builder_version=&#8221;4.16&#8243; _module_preset=&#8221;default&#8221; global_colors_info=&#8221;{}&#8221;][et_pb_text _builder_version=&#8221;4.21.0&#8243; _module_preset=&#8221;default&#8221; header_4_font=&#8221;Josefin Sans|700||on|||||&#8221; header_4_text_align=&#8221;center&#8221; header_4_text_color=&#8221;#bd8547&#8243; header_4_font_size=&#8221;12px&#8221; header_4_letter_spacing=&#8221;2px&#8221; custom_margin=&#8221;0px||22px||false|false&#8221; custom_margin_tablet=&#8221;0px||22px||false|false&#8221; custom_margin_phone=&#8221;0px||9px||false|false&#8221; custom_margin_last_edited=&#8221;on|phone&#8221; custom_padding=&#8221;0px||0px||false|false&#8221; hover_enabled=&#8221;0&#8243; header_4_line_height_tablet=&#8221;&#8221; header_4_line_height_phone=&#8221;1.6em&#8221; header_4_line_height_last_edited=&#8221;on|phone&#8221; global_colors_info=&#8221;{}&#8221; sticky_enabled=&#8221;0&#8243;]<\/p>\n<h4>Ofertas y paquetes<\/h4>\n<p>[\/et_pb_text][et_pb_text _builder_version=&#8221;4.21.0&#8243; _module_preset=&#8221;default&#8221; header_2_font=&#8221;Josefin Sans|700|||||||&#8221; header_2_text_align=&#8221;center&#8221; header_2_text_color=&#8221;#241f1b&#8221; header_2_font_size=&#8221;48px&#8221; header_2_letter_spacing=&#8221;-1px&#8221; header_2_line_height=&#8221;1.2em&#8221; text_orientation=&#8221;center&#8221; max_width=&#8221;700px&#8221; module_alignment=&#8221;center&#8221; custom_margin=&#8221;0px||0px||false|false&#8221; custom_padding=&#8221;0px||0px||false|false&#8221; header_2_text_align_tablet=&#8221;center&#8221; header_2_text_align_phone=&#8221;center&#8221; header_2_text_align_last_edited=&#8221;on|tablet&#8221; header_2_font_size_tablet=&#8221;48px&#8221; header_2_font_size_phone=&#8221;30px&#8221; header_2_font_size_last_edited=&#8221;on|phone&#8221; header_2_line_height_tablet=&#8221;&#8221; header_2_line_height_phone=&#8221;1.3em&#8221; header_2_line_height_last_edited=&#8221;on|phone&#8221; global_colors_info=&#8221;{}&#8221;]<\/p>\n<h2>Deleite a un ser querido con nuestras tarjetas de regalo<\/h2>\n<p>[\/et_pb_text][et_pb_text _builder_version=&#8221;4.21.0&#8243; _module_preset=&#8221;default&#8221; text_font=&#8221;IBM Plex Sans||||||||&#8221; text_text_color=&#8221;#7d7d7d&#8221; text_font_size=&#8221;16px&#8221; text_line_height=&#8221;1.6em&#8221; text_orientation=&#8221;center&#8221; max_width=&#8221;737px&#8221; module_alignment=&#8221;center&#8221; custom_margin=&#8221;0px||28px||false|false&#8221; custom_padding=&#8221;0px||0px||false|false&#8221; hover_enabled=&#8221;0&#8243; global_colors_info=&#8221;{}&#8221; sticky_enabled=&#8221;0&#8243;]<\/p>\n<p>Una tarjeta de regalo es el regalo perfecto para esa persona especial, y puedes dejar que ellos mismos elijan el tratamiento. El importe de la tarjeta regalo es de libre elecci\u00f3n, puedes elegir lo que m\u00e1s te convenga.<\/p>\n<p>[\/et_pb_text][\/et_pb_column][\/et_pb_row][et_pb_row column_structure=&#8221;1_3,1_3,1_3&#8243; use_custom_gutter=&#8221;on&#8221; gutter_width=&#8221;2&#8243; make_equal=&#8221;on&#8221; _builder_version=&#8221;4.21.0&#8243; _module_preset=&#8221;default&#8221; width=&#8221;90%&#8221; width_tablet=&#8221;90%&#8221; width_phone=&#8221;90%&#8221; width_last_edited=&#8221;on|desktop&#8221; max_width=&#8221;1170px&#8221; max_width_tablet=&#8221;90%&#8221; max_width_phone=&#8221;90%&#8221; max_width_last_edited=&#8221;on|tablet&#8221; custom_padding=&#8221;0px||0px||true|&#8221; global_colors_info=&#8221;{}&#8221;][et_pb_column type=&#8221;1_3&#8243; _builder_version=&#8221;4.21.0&#8243; _module_preset=&#8221;default&#8221; background_color=&#8221;rgba(125,207,209,0.35)&#8221; background_enable_image=&#8221;off&#8221; background_size=&#8221;custom&#8221; background_position=&#8221;top_left&#8221; background_horizontal_offset=&#8221;-100%&#8221; background_vertical_offset=&#8221;-100%&#8221; background_blend=&#8221;color&#8221; custom_padding=&#8221;65px|35px|65px|35px|true|true&#8221; animation_style=&#8221;fade&#8221; animation_delay=&#8221;500ms&#8221; box_shadow_style=&#8221;preset1&#8243; global_colors_info=&#8221;{}&#8221;][et_pb_text _builder_version=&#8221;4.21.0&#8243; _module_preset=&#8221;default&#8221; header_6_font=&#8221;Josefin Sans||||||||&#8221; header_6_text_align=&#8221;center&#8221; header_6_text_color=&#8221;#241f1b&#8221; header_6_font_size=&#8221;36px&#8221; global_colors_info=&#8221;{}&#8221;]<\/p>\n<h6>El cl\u00e1sico<\/h6>\n<p>[\/et_pb_text][et_pb_text _builder_version=&#8221;4.21.0&#8243; _module_preset=&#8221;default&#8221; text_font=&#8221;IBM Plex Sans||||||||&#8221; text_text_color=&#8221;#7d7d7d&#8221; text_font_size=&#8221;16px&#8221; text_line_height=&#8221;1.6em&#8221; text_orientation=&#8221;center&#8221; max_width=&#8221;737px&#8221; module_alignment=&#8221;center&#8221; custom_margin=&#8221;0px||28px||false|false&#8221; custom_padding=&#8221;0px||0px||false|false&#8221; hover_enabled=&#8221;0&#8243; global_colors_info=&#8221;{}&#8221; sticky_enabled=&#8221;0&#8243;]<\/p>\n<p>El paquete incluye masaje (50 min), tratamiento facial (75 min) y copa de cava<\/p>\n<p>[\/et_pb_text][et_pb_text _builder_version=&#8221;4.21.0&#8243; _module_preset=&#8221;default&#8221; text_font=&#8221;Libre Caslon Text||||||||&#8221; text_text_color=&#8221;rgba(36,31,27,0.9)&#8221; text_font_size=&#8221;68px&#8221; text_line_height=&#8221;1em&#8221; text_orientation=&#8221;center&#8221; custom_margin=&#8221;35px||||false|false&#8221; global_colors_info=&#8221;{}&#8221;]<\/p>\n<p>99\u20ac<\/p>\n<p>[\/et_pb_text][et_pb_button button_url=&#8221;https:\/\/cinderellawellness.com\/es\/?add-to-cart=75096&#8243; button_text=&#8221;Ordenar ahora&#8221; button_alignment=&#8221;center&#8221; _builder_version=&#8221;4.21.0&#8243; _module_preset=&#8221;default&#8221; custom_button=&#8221;on&#8221; button_text_size=&#8221;16px&#8221; button_text_color=&#8221;#FFFFFF&#8221; button_bg_color=&#8221;#b6607d&#8221; button_border_width=&#8221;0px&#8221; button_border_radius=&#8221;100px&#8221; button_letter_spacing=&#8221;0px&#8221; button_font=&#8221;Josefin Sans||||||||&#8221; button_icon=&#8221;&#x24;||divi||400&#8243; button_icon_color=&#8221;#FFFFFF&#8221; custom_margin=&#8221;50px||0px||false|false&#8221; custom_padding=&#8221;14px|35px|13px|35px|false|false&#8221; hover_enabled=&#8221;0&#8243; global_colors_info=&#8221;{}&#8221; button_bg_color__hover_enabled=&#8221;off|desktop&#8221; button_bg_color__hover=&#8221;#bd8547&#8243; button_bg_enable_color__hover=&#8221;on&#8221; button_border_color__hover_enabled=&#8221;off|desktop&#8221; sticky_enabled=&#8221;0&#8243;][\/et_pb_button][\/et_pb_column][et_pb_column type=&#8221;1_3&#8243; _builder_version=&#8221;4.21.0&#8243; _module_preset=&#8221;default&#8221; background_color=&#8221;#f1d4db&#8221; custom_padding=&#8221;65px|35px|65px|35px|true|true&#8221; animation_style=&#8221;fade&#8221; animation_delay=&#8221;750ms&#8221; box_shadow_style=&#8221;preset1&#8243; global_colors_info=&#8221;{}&#8221;][et_pb_text _builder_version=&#8221;4.21.0&#8243; _module_preset=&#8221;default&#8221; header_6_font=&#8221;Josefin Sans||||||||&#8221; header_6_text_align=&#8221;center&#8221; header_6_text_color=&#8221;#241f1b&#8221; header_6_font_size=&#8221;36px&#8221; global_colors_info=&#8221;{}&#8221;]<\/p>\n<h6>Descanso diario<\/h6>\n<p>[\/et_pb_text][et_pb_text _builder_version=&#8221;4.21.0&#8243; _module_preset=&#8221;default&#8221; text_font=&#8221;IBM Plex Sans||||||||&#8221; text_text_color=&#8221;#7d7d7d&#8221; text_font_size=&#8221;16px&#8221; text_line_height=&#8221;1.6em&#8221; text_orientation=&#8221;center&#8221; max_width=&#8221;737px&#8221; module_alignment=&#8221;center&#8221; custom_margin=&#8221;0px||28px||false|false&#8221; custom_padding=&#8221;0px||0px||false|false&#8221; global_colors_info=&#8221;{}&#8221;]<\/p>\n<p>El paquete incluye masaje (25 min), pedicura (60 min), manicura, facial (75 min) y copa de cava<\/p>\n<p>[\/et_pb_text][et_pb_text _builder_version=&#8221;4.21.0&#8243; _module_preset=&#8221;default&#8221; text_font=&#8221;Libre Caslon Text||||||||&#8221; text_text_color=&#8221;rgba(36,31,27,0.9)&#8221; text_font_size=&#8221;68px&#8221; text_line_height=&#8221;1em&#8221; text_orientation=&#8221;center&#8221; custom_margin=&#8221;35px||||false|false&#8221; global_colors_info=&#8221;{}&#8221;]<\/p>\n<p>145\u20ac<\/p>\n<p>[\/et_pb_text][et_pb_button button_url=&#8221;https:\/\/cinderellawellness.com\/es\/?add-to-cart=75097&#8243; button_text=&#8221;Ordenar ahora&#8221; button_alignment=&#8221;center&#8221; _builder_version=&#8221;4.21.0&#8243; _module_preset=&#8221;default&#8221; custom_button=&#8221;on&#8221; button_text_size=&#8221;16px&#8221; button_text_color=&#8221;#FFFFFF&#8221; button_bg_color=&#8221;#b6607d&#8221; button_border_width=&#8221;0px&#8221; button_border_radius=&#8221;100px&#8221; button_letter_spacing=&#8221;0px&#8221; button_font=&#8221;Josefin Sans||||||||&#8221; button_icon=&#8221;&#x24;||divi||400&#8243; button_icon_color=&#8221;#FFFFFF&#8221; custom_margin=&#8221;50px||0px||false|false&#8221; custom_padding=&#8221;14px|35px|13px|35px|false|false&#8221; global_colors_info=&#8221;{}&#8221; button_bg_color__hover_enabled=&#8221;off|desktop&#8221; button_bg_color__hover=&#8221;#bd8547&#8243; button_bg_enable_color__hover=&#8221;on&#8221; button_border_color__hover_enabled=&#8221;off|desktop&#8221;][\/et_pb_button][\/et_pb_column][et_pb_column type=&#8221;1_3&#8243; _builder_version=&#8221;4.21.0&#8243; _module_preset=&#8221;default&#8221; background_color=&#8221;#00a1a5&#8243; custom_padding=&#8221;65px|35px|65px|35px|true|true&#8221; animation_style=&#8221;fade&#8221; animation_delay=&#8221;1000ms&#8221; box_shadow_style=&#8221;preset1&#8243; global_colors_info=&#8221;{}&#8221;][et_pb_text _builder_version=&#8221;4.21.0&#8243; _module_preset=&#8221;default&#8221; header_6_font=&#8221;Libre Caslon Text||||||||&#8221; header_6_text_align=&#8221;center&#8221; header_6_text_color=&#8221;#ffffff&#8221; header_6_font_size=&#8221;36px&#8221; global_colors_info=&#8221;{}&#8221;]<\/p>\n<h6>Deluxe<\/h6>\n<p>[\/et_pb_text][et_pb_text _builder_version=&#8221;4.21.0&#8243; _module_preset=&#8221;default&#8221; text_font=&#8221;IBM Plex Sans||||||||&#8221; text_text_color=&#8221;#FFFFFF&#8221; text_font_size=&#8221;16px&#8221; text_line_height=&#8221;1.6em&#8221; text_orientation=&#8221;center&#8221; max_width=&#8221;737px&#8221; module_alignment=&#8221;center&#8221; custom_margin=&#8221;0px||28px||false|false&#8221; custom_padding=&#8221;0px||0px||false|false&#8221; global_colors_info=&#8221;{}&#8221;]<\/p>\n<p>El paquete incluye corte de pelo, manicura, pedicura (60 min), masaje (50 min) &amp; facial (75 min) y copa de cava<\/p>\n<p>[\/et_pb_text][et_pb_text _builder_version=&#8221;4.21.0&#8243; _module_preset=&#8221;default&#8221; text_font=&#8221;Libre Caslon Text||||||||&#8221; text_text_color=&#8221;#ffffff&#8221; text_font_size=&#8221;68px&#8221; text_line_height=&#8221;1em&#8221; text_orientation=&#8221;center&#8221; custom_margin=&#8221;35px||||false|false&#8221; global_colors_info=&#8221;{}&#8221;]<\/p>\n<p>199\u20ac<\/p>\n<p>[\/et_pb_text][et_pb_button button_url=&#8221;https:\/\/cinderellawellness.com\/es\/?add-to-cart=75098&#8243; button_text=&#8221;Ordenar ahora&#8221; button_alignment=&#8221;center&#8221; _builder_version=&#8221;4.21.0&#8243; _module_preset=&#8221;default&#8221; custom_button=&#8221;on&#8221; button_text_size=&#8221;16px&#8221; button_text_color=&#8221;#FFFFFF&#8221; button_bg_color=&#8221;#b6607d&#8221; button_border_width=&#8221;0px&#8221; button_border_radius=&#8221;100px&#8221; button_letter_spacing=&#8221;0px&#8221; button_font=&#8221;Josefin Sans||||||||&#8221; button_icon=&#8221;&#x24;||divi||400&#8243; button_icon_color=&#8221;#FFFFFF&#8221; custom_margin=&#8221;50px||0px||false|false&#8221; custom_padding=&#8221;14px|35px|13px|35px|false|false&#8221; hover_enabled=&#8221;0&#8243; global_colors_info=&#8221;{}&#8221; button_bg_color__hover_enabled=&#8221;off|desktop&#8221; button_bg_color__hover=&#8221;#bd8547&#8243; button_bg_enable_color__hover=&#8221;on&#8221; button_border_color__hover_enabled=&#8221;off|desktop&#8221; sticky_enabled=&#8221;0&#8243;][\/et_pb_button][\/et_pb_column][\/et_pb_row][\/et_pb_section]<\/p>\n","protected":false},"excerpt":{"rendered":"<p>Ofertas y paquetesDeleite a un ser querido con nuestras tarjetas de regaloUna tarjeta de regalo es el regalo perfecto para esa persona especial, y puedes dejar que ellos mismos elijan el tratamiento. El importe de la tarjeta regalo es de libre elecci\u00f3n, puedes elegir lo que m\u00e1s te convenga.El cl\u00e1sicoEl paquete incluye masaje (50 min), tratamiento facial (75 min) y copa de cava99\u20acDescanso diarioEl paquete incluye masaje (25 min), pedicura (60 min), manicura, facial (75 min) y copa de cava145\u20acDeluxeEl paquete incluye corte de pelo, manicura, pedicura (60 min), masaje (50 min) &amp; facial (75 min) y copa de cava199\u20ac<\/p>\n","protected":false},"author":3,"featured_media":0,"parent":0,"menu_order":0,"comment_status":"closed","ping_status":"closed","template":"","meta":{"_et_pb_use_builder":"on","_et_pb_old_content":"","_et_gb_content_width":"","footnotes":""},"class_list":["post-1748","page","type-page","status-publish","hentry"],"yoast_head":"<!-- This site is optimized with the Yoast SEO plugin v27.3 - https:\/\/yoast.com\/product\/yoast-seo-wordpress\/ -->\n<title>Tienda - Cinderella Wellness<\/title>\n<meta name=\"robots\" content=\"index, follow, max-snippet:-1, max-image-preview:large, max-video-preview:-1\" \/>\n<link rel=\"canonical\" href=\"https:\/\/cinderellawellness.com\/es\/tienda\/\" \/>\n<meta property=\"og:locale\" content=\"es_ES\" \/>\n<meta property=\"og:type\" content=\"article\" \/>\n<meta property=\"og:title\" content=\"Tienda - Cinderella Wellness\" \/>\n<meta property=\"og:description\" content=\"Ofertas y paquetesDeleite a un ser querido con nuestras tarjetas de regaloUna tarjeta de regalo es el regalo perfecto para esa persona especial, y puedes dejar que ellos mismos elijan el tratamiento. El importe de la tarjeta regalo es de libre elecci\u00f3n, puedes elegir lo que m\u00e1s te convenga.El cl\u00e1sicoEl paquete incluye masaje (50 min), tratamiento facial (75 min) y copa de cava99\u20acDescanso diarioEl paquete incluye masaje (25 min), pedicura (60 min), manicura, facial (75 min) y copa de cava145\u20acDeluxeEl paquete incluye corte de pelo, manicura, pedicura (60 min), masaje (50 min) &amp; facial (75 min) y copa de cava199\u20ac\" \/>\n<meta property=\"og:url\" content=\"https:\/\/cinderellawellness.com\/es\/tienda\/\" \/>\n<meta property=\"og:site_name\" content=\"Cinderella Wellness\" \/>\n<meta property=\"article:publisher\" content=\"https:\/\/www.facebook.com\/cinderellawellnessgc\/\" \/>\n<meta property=\"article:modified_time\" content=\"2023-07-19T23:21:01+00:00\" \/>\n<meta name=\"twitter:card\" content=\"summary_large_image\" \/>\n<meta name=\"twitter:site\" content=\"@cinderellawgc\" \/>\n<meta name=\"twitter:label1\" content=\"Tiempo de lectura\" \/>\n\t<meta name=\"twitter:data1\" content=\"7 minutos\" \/>\n<script type=\"application\/ld+json\" class=\"yoast-schema-graph\">{\"@context\":\"https:\\\/\\\/schema.org\",\"@graph\":[{\"@type\":\"WebPage\",\"@id\":\"https:\\\/\\\/cinderellawellness.com\\\/es\\\/tienda\\\/\",\"url\":\"https:\\\/\\\/cinderellawellness.com\\\/es\\\/tienda\\\/\",\"name\":\"Tienda - Cinderella Wellness\",\"isPartOf\":{\"@id\":\"https:\\\/\\\/cinderellawellness.com\\\/es\\\/#website\"},\"datePublished\":\"2023-04-07T15:05:30+00:00\",\"dateModified\":\"2023-07-19T23:21:01+00:00\",\"breadcrumb\":{\"@id\":\"https:\\\/\\\/cinderellawellness.com\\\/es\\\/tienda\\\/#breadcrumb\"},\"inLanguage\":\"es\",\"potentialAction\":[{\"@type\":\"ReadAction\",\"target\":[\"https:\\\/\\\/cinderellawellness.com\\\/es\\\/tienda\\\/\"]}]},{\"@type\":\"BreadcrumbList\",\"@id\":\"https:\\\/\\\/cinderellawellness.com\\\/es\\\/tienda\\\/#breadcrumb\",\"itemListElement\":[{\"@type\":\"ListItem\",\"position\":1,\"name\":\"Portada\",\"item\":\"https:\\\/\\\/cinderellawellness.com\\\/es\\\/\"},{\"@type\":\"ListItem\",\"position\":2,\"name\":\"Tienda\"}]},{\"@type\":\"WebSite\",\"@id\":\"https:\\\/\\\/cinderellawellness.com\\\/es\\\/#website\",\"url\":\"https:\\\/\\\/cinderellawellness.com\\\/es\\\/\",\"name\":\"Cinderella Wellness\",\"description\":\"simply beauty * inside and out\",\"potentialAction\":[{\"@type\":\"SearchAction\",\"target\":{\"@type\":\"EntryPoint\",\"urlTemplate\":\"https:\\\/\\\/cinderellawellness.com\\\/es\\\/?s={search_term_string}\"},\"query-input\":{\"@type\":\"PropertyValueSpecification\",\"valueRequired\":true,\"valueName\":\"search_term_string\"}}],\"inLanguage\":\"es\"}]}<\/script>\n<!-- \/ Yoast SEO plugin. -->","yoast_head_json":{"title":"Tienda - Cinderella Wellness","robots":{"index":"index","follow":"follow","max-snippet":"max-snippet:-1","max-image-preview":"max-image-preview:large","max-video-preview":"max-video-preview:-1"},"canonical":"https:\/\/cinderellawellness.com\/es\/tienda\/","og_locale":"es_ES","og_type":"article","og_title":"Tienda - Cinderella Wellness","og_description":"Ofertas y paquetesDeleite a un ser querido con nuestras tarjetas de regaloUna tarjeta de regalo es el regalo perfecto para esa persona especial, y puedes dejar que ellos mismos elijan el tratamiento. El importe de la tarjeta regalo es de libre elecci\u00f3n, puedes elegir lo que m\u00e1s te convenga.El cl\u00e1sicoEl paquete incluye masaje (50 min), tratamiento facial (75 min) y copa de cava99\u20acDescanso diarioEl paquete incluye masaje (25 min), pedicura (60 min), manicura, facial (75 min) y copa de cava145\u20acDeluxeEl paquete incluye corte de pelo, manicura, pedicura (60 min), masaje (50 min) &amp; facial (75 min) y copa de cava199\u20ac","og_url":"https:\/\/cinderellawellness.com\/es\/tienda\/","og_site_name":"Cinderella Wellness","article_publisher":"https:\/\/www.facebook.com\/cinderellawellnessgc\/","article_modified_time":"2023-07-19T23:21:01+00:00","twitter_card":"summary_large_image","twitter_site":"@cinderellawgc","twitter_misc":{"Tiempo de lectura":"7 minutos"},"schema":{"@context":"https:\/\/schema.org","@graph":[{"@type":"WebPage","@id":"https:\/\/cinderellawellness.com\/es\/tienda\/","url":"https:\/\/cinderellawellness.com\/es\/tienda\/","name":"Tienda - Cinderella Wellness","isPartOf":{"@id":"https:\/\/cinderellawellness.com\/es\/#website"},"datePublished":"2023-04-07T15:05:30+00:00","dateModified":"2023-07-19T23:21:01+00:00","breadcrumb":{"@id":"https:\/\/cinderellawellness.com\/es\/tienda\/#breadcrumb"},"inLanguage":"es","potentialAction":[{"@type":"ReadAction","target":["https:\/\/cinderellawellness.com\/es\/tienda\/"]}]},{"@type":"BreadcrumbList","@id":"https:\/\/cinderellawellness.com\/es\/tienda\/#breadcrumb","itemListElement":[{"@type":"ListItem","position":1,"name":"Portada","item":"https:\/\/cinderellawellness.com\/es\/"},{"@type":"ListItem","position":2,"name":"Tienda"}]},{"@type":"WebSite","@id":"https:\/\/cinderellawellness.com\/es\/#website","url":"https:\/\/cinderellawellness.com\/es\/","name":"Cinderella Wellness","description":"simply beauty * inside and out","potentialAction":[{"@type":"SearchAction","target":{"@type":"EntryPoint","urlTemplate":"https:\/\/cinderellawellness.com\/es\/?s={search_term_string}"},"query-input":{"@type":"PropertyValueSpecification","valueRequired":true,"valueName":"search_term_string"}}],"inLanguage":"es"}]}},"_links":{"self":[{"href":"https:\/\/cinderellawellness.com\/es\/wp-json\/wp\/v2\/pages\/1748","targetHints":{"allow":["GET"]}}],"collection":[{"href":"https:\/\/cinderellawellness.com\/es\/wp-json\/wp\/v2\/pages"}],"about":[{"href":"https:\/\/cinderellawellness.com\/es\/wp-json\/wp\/v2\/types\/page"}],"author":[{"embeddable":true,"href":"https:\/\/cinderellawellness.com\/es\/wp-json\/wp\/v2\/users\/3"}],"replies":[{"embeddable":true,"href":"https:\/\/cinderellawellness.com\/es\/wp-json\/wp\/v2\/comments?post=1748"}],"version-history":[{"count":0,"href":"https:\/\/cinderellawellness.com\/es\/wp-json\/wp\/v2\/pages\/1748\/revisions"}],"wp:attachment":[{"href":"https:\/\/cinderellawellness.com\/es\/wp-json\/wp\/v2\/media?parent=1748"}],"curies":[{"name":"wp","href":"https:\/\/api.w.org\/{rel}","templated":true}]}}